{"id":46,"date":"2021-12-28T17:39:45","date_gmt":"2021-12-28T17:39:45","guid":{"rendered":"https:\/\/gylleneken.se\/wp\/?page_id=46"},"modified":"2025-06-25T11:34:44","modified_gmt":"2025-06-25T09:34:44","slug":"protokoll-fran-arsmoten","status":"publish","type":"page","link":"https:\/\/gylleneken.se\/wp\/protokoll-fran-arsmoten\/","title":{"rendered":"Protokoll fr\u00e5n \u00e5rsm\u00f6ten"},"content":{"rendered":"\n<p>H\u00e4r kan du l\u00e4sa de senaste protokollen fr\u00e5n f\u00f6reningens \u00e5rsm\u00f6ten:<\/p>\n\n\n\n<p><a href=\"https:\/\/gylleneken.se\/wp\/wp-content\/uploads\/2025\/06\/Protokoll-fran-ordinarie-foreningsstamma-2025.pdf\">Protokoll fra\u030an ordinarie fo\u0308reningssta\u0308mma 2025<\/a><\/p>\n\n\n\n<p><a href=\"https:\/\/gylleneken.se\/wp\/wp-content\/uploads\/2025\/06\/Protokoll-fran-ordinarie-foreningsstamma-2024.pdf\">Protokoll fra\u030an ordinarie fo\u0308reningssta\u0308mma 2024<\/a><\/p>\n\n\n\n<p><a href=\"https:\/\/gylleneken.se\/wp\/wp-content\/uploads\/2023\/08\/Protokoll-fran-ordinarie-foreningsstamma-2023.pdf\">Protokoll fra\u030an ordinarie fo\u0308reningssta\u0308mma 2023<\/a><\/p>\n\n\n\n<p><a href=\"https:\/\/gylleneken.se\/wp\/wp-content\/uploads\/2022\/06\/Protokoll-fra\u030an-ordinarie-fo\u0308reningssta\u0308mma-2022.pdf\">Protokoll fra\u030an ordinarie fo\u0308reningssta\u0308mma 2022<\/a><\/p>\n\n\n\n<p><a rel=\"noreferrer noopener\" href=\"https:\/\/gylleneken.se\/wp\/wp-content\/uploads\/2021\/12\/Protokoll-2021.pdf\" target=\"_blank\">Protokoll fr\u00e5n ordinarie f\u00f6reningsst\u00e4mma 2021<\/a><\/p>\n\n\n\n<p><meta charset=\"utf-8\"><\/meta><a href=\"https:\/\/gylleneken.se\/wp\/wp-content\/uploads\/2021\/12\/Protokoll-2020.pdf\" target=\"_blank\" rel=\"noreferrer noopener\">Protokoll fr\u00e5n ordinarie f\u00f6reningsst\u00e4mma 2020<\/a><\/p>\n\n\n\n<p><meta charset=\"utf-8\"><\/meta><\/p>\n","protected":false},"excerpt":{"rendered":"<p>H\u00e4r kan du l\u00e4sa de senaste protokollen fr\u00e5n f\u00f6reningens \u00e5rsm\u00f6ten: Protokoll fra\u030an ordinarie fo\u0308reningssta\u0308mma 2025 Protokoll fra\u030an ordinarie fo\u0308reningssta\u0308mma 2024 Protokoll fra\u030an ordinarie fo\u0308reningssta\u0308mma 2023 Protokoll fra\u030an ordinarie fo\u0308reningssta\u0308mma 2022 Protokoll fr\u00e5n ordinarie f\u00f6reningsst\u00e4mma 2021 Protokoll fr\u00e5n ordinarie f\u00f6reningsst\u00e4mma 2020<\/p>\n","protected":false},"author":1,"featured_media":0,"parent":0,"menu_order":0,"comment_status":"closed","ping_status":"closed","template":"","meta":{"footnotes":""},"class_list":["post-46","page","type-page","status-publish","hentry","entry"],"_links":{"self":[{"href":"https:\/\/gylleneken.se\/wp\/wp-json\/wp\/v2\/pages\/46","targetHints":{"allow":["GET"]}}],"collection":[{"href":"https:\/\/gylleneken.se\/wp\/wp-json\/wp\/v2\/pages"}],"about":[{"href":"https:\/\/gylleneken.se\/wp\/wp-json\/wp\/v2\/types\/page"}],"author":[{"embeddable":true,"href":"https:\/\/gylleneken.se\/wp\/wp-json\/wp\/v2\/users\/1"}],"replies":[{"embeddable":true,"href":"https:\/\/gylleneken.se\/wp\/wp-json\/wp\/v2\/comments?post=46"}],"version-history":[{"count":6,"href":"https:\/\/gylleneken.se\/wp\/wp-json\/wp\/v2\/pages\/46\/revisions"}],"predecessor-version":[{"id":264,"href":"https:\/\/gylleneken.se\/wp\/wp-json\/wp\/v2\/pages\/46\/revisions\/264"}],"wp:attachment":[{"href":"https:\/\/gylleneken.se\/wp\/wp-json\/wp\/v2\/media?parent=46"}],"curies":[{"name":"wp","href":"https:\/\/api.w.org\/{rel}","templated":true}]}}