{"id":71,"date":"2021-12-28T18:04:20","date_gmt":"2021-12-28T18:04:20","guid":{"rendered":"https:\/\/gylleneken.se\/wp\/?page_id=71"},"modified":"2026-03-16T16:52:51","modified_gmt":"2026-03-16T15:52:51","slug":"tv-och-bredband","status":"publish","type":"page","link":"https:\/\/gylleneken.se\/wp\/tv-och-bredband\/","title":{"rendered":"TV och Bredband"},"content":{"rendered":"\n<p>F\u00f6reningen har ett gruppabonnemang p\u00e5 TV hos Telenor. Som standardutbud f\u00e5r du de kanaler som ing\u00e5r i TV Grund (SVT och TV4). Du f\u00e5r 50 kr rabatt i m\u00e5naden p\u00e5 ut\u00f6kande TV-paket, kontakta kundtj\u00e4nst p\u00e5 <strong>020 015 90 02<\/strong>.<\/p>\n\n\n\n<p>F\u00f6reningen har ocks\u00e5 gruppabonnemang p\u00e5 bredband 1000 Mbit\/s (fiberkabel) fr\u00e5n Telenor.<\/p>\n\n\n\n<p>\u00c4ven fast IP-telefoni via bredbandet kan best\u00e4llas om du anv\u00e4nder routern fr\u00e5n Telenor, kontakta kundtj\u00e4nst p\u00e5 <strong>020 015 90 02<\/strong>.<\/p>\n\n\n\n<p><a href=\"http:\/\/www.telenor.se\" target=\"_blank\" rel=\"noreferrer noopener\">telenor.se<\/a><\/p>\n\n\n\n<p><\/p>\n","protected":false},"excerpt":{"rendered":"<p>F\u00f6reningen har ett gruppabonnemang p\u00e5 TV hos Telenor. Som standardutbud f\u00e5r du de kanaler som ing\u00e5r i TV Grund (SVT och TV4). Du f\u00e5r 50 kr rabatt i m\u00e5naden p\u00e5 ut\u00f6kande TV-paket, kontakta kundtj\u00e4nst p\u00e5 020 015 90 02. F\u00f6reningen har ocks\u00e5 gruppabonnemang p\u00e5 bredband 1000 Mbit\/s (fiberkabel) fr\u00e5n Telenor. \u00c4ven fast IP-telefoni via bredbandet&hellip; <a class=\"more-link\" href=\"https:\/\/gylleneken.se\/wp\/tv-och-bredband\/\">Forts\u00e4tt l\u00e4sa <span class=\"screen-reader-text\">TV och Bredband<\/span><\/a><\/p>\n","protected":false},"author":1,"featured_media":0,"parent":0,"menu_order":0,"comment_status":"closed","ping_status":"closed","template":"","meta":{"footnotes":""},"class_list":["post-71","page","type-page","status-publish","hentry","entry"],"_links":{"self":[{"href":"https:\/\/gylleneken.se\/wp\/wp-json\/wp\/v2\/pages\/71","targetHints":{"allow":["GET"]}}],"collection":[{"href":"https:\/\/gylleneken.se\/wp\/wp-json\/wp\/v2\/pages"}],"about":[{"href":"https:\/\/gylleneken.se\/wp\/wp-json\/wp\/v2\/types\/page"}],"author":[{"embeddable":true,"href":"https:\/\/gylleneken.se\/wp\/wp-json\/wp\/v2\/users\/1"}],"replies":[{"embeddable":true,"href":"https:\/\/gylleneken.se\/wp\/wp-json\/wp\/v2\/comments?post=71"}],"version-history":[{"count":5,"href":"https:\/\/gylleneken.se\/wp\/wp-json\/wp\/v2\/pages\/71\/revisions"}],"predecessor-version":[{"id":308,"href":"https:\/\/gylleneken.se\/wp\/wp-json\/wp\/v2\/pages\/71\/revisions\/308"}],"wp:attachment":[{"href":"https:\/\/gylleneken.se\/wp\/wp-json\/wp\/v2\/media?parent=71"}],"curies":[{"name":"wp","href":"https:\/\/api.w.org\/{rel}","templated":true}]}}